{"id":132,"date":"2019-10-07T20:32:18","date_gmt":"2019-10-07T18:32:18","guid":{"rendered":"http:\/\/staging.elcom-computer.de\/?page_id=132"},"modified":"2024-09-30T20:48:05","modified_gmt":"2024-09-30T18:48:05","slug":"leistungen-2","status":"publish","type":"page","link":"https:\/\/elcom-computer.de\/?page_id=132","title":{"rendered":"Leistungen"},"content":{"rendered":"<p>Wir sind Ihr professioneller Ansprechpartner vor Ort. Hier unsere Leistungen in der \u00dcbersicht.<img loading=\"lazy\" decoding=\"async\" class=\"size-medium wp-image-186 alignright\" src=\"http:\/\/staging.elcom-computer.de\/wp-content\/uploads\/2019\/10\/consulting-3031678-300x200.jpg\" alt=\"\" width=\"300\" height=\"200\" srcset=\"https:\/\/elcom-computer.de\/wp-content\/uploads\/2019\/10\/consulting-3031678-300x200.jpg 300w, https:\/\/elcom-computer.de\/wp-content\/uploads\/2019\/10\/consulting-3031678-768x512.jpg 768w, https:\/\/elcom-computer.de\/wp-content\/uploads\/2019\/10\/consulting-3031678-1024x683.jpg 1024w\" sizes=\"auto, (max-width: 300px) 100vw, 300px\" \/><\/p>\n<ul>\n<li>Fertigung Ihres Wunsch-PC&#8217;s (<a href=\"http:\/\/staging.elcom-computer.de\/?page_id=153\">Elcom Image-Line<\/a>)<\/li>\n<li>Netzwerktechnik<\/li>\n<li><a href=\"http:\/\/staging.elcom-computer.de\/?page_id=148\">IT-Sicherheit<\/a><\/li>\n<li>Vor Ort- und Werkstattreparaturservice<\/li>\n<li><a href=\"http:\/\/staging.elcom-computer.de\/?page_id=8\">Technik und Wartung<\/a><\/li>\n<li>Fernwartung: Mit Hilfe modernster Techniken ist es m\u00f6glich, unseren Kunden direkt, schnell und unkompliziert zu helfen, egal, wo sie sich auf der Welt befinden (Internetzugang und Internetzugriff vorausgesetzt). Aufgrund dieser M\u00f6glichkeiten via Fernwartung werden auch \u00fcberregionale Kunden betreut &#8211; bis nach S\u00fcdafrika. Die Vorteile liegen auf der Hand: keine Anfahrtskosten, schnelle und effiziente Hilfe, wenn ein Fehler auftritt, nicht erst wenn alles vorbei ist.<\/li>\n<li>Schulung und Einweisung<\/li>\n<li>Beratung<\/li>\n<li>Herstellerungebundener Vollsortimenter (Sie erhalten von der Tintenpatrone bis zum Gro\u00dfrechner alles aus einer Hand)<\/li>\n<li>Annahmestelle f\u00fcr leere Toner und Tintenpatronen<\/li>\n<\/ul>\n<p>Sie haben Interesse an einer oder mehreren Leistungen? Wir freuen uns auf eine Zusammenarbeit \u2013 <a href=\"http:\/\/staging.elcom-computer.de\/?page_id=225\">sprechen Sie uns gerne an<\/a><\/p>\n","protected":false},"excerpt":{"rendered":"<p>Wir sind Ihr professioneller Ansprechpartner vor Ort. Hier unsere Leistungen in der \u00dcbersicht. Fertigung Ihres Wunsch-PC&#8217;s (Elcom Image-Line) Netzwerktechnik IT-Sicherheit Vor Ort- und Werkstattreparaturservice Technik und Wartung Fernwartung: Mit Hilfe modernster Techniken ist es m\u00f6glich, unseren Kunden direkt, schnell und<\/p>\n","protected":false},"author":1,"featured_media":0,"parent":0,"menu_order":0,"comment_status":"closed","ping_status":"closed","template":"","meta":{"footnotes":""},"class_list":["post-132","page","type-page","status-publish","hentry"],"_links":{"self":[{"href":"https:\/\/elcom-computer.de\/index.php?rest_route=\/wp\/v2\/pages\/132","targetHints":{"allow":["GET"]}}],"collection":[{"href":"https:\/\/elcom-computer.de\/index.php?rest_route=\/wp\/v2\/pages"}],"about":[{"href":"https:\/\/elcom-computer.de\/index.php?rest_route=\/wp\/v2\/types\/page"}],"author":[{"embeddable":true,"href":"https:\/\/elcom-computer.de\/index.php?rest_route=\/wp\/v2\/users\/1"}],"replies":[{"embeddable":true,"href":"https:\/\/elcom-computer.de\/index.php?rest_route=%2Fwp%2Fv2%2Fcomments&post=132"}],"version-history":[{"count":6,"href":"https:\/\/elcom-computer.de\/index.php?rest_route=\/wp\/v2\/pages\/132\/revisions"}],"predecessor-version":[{"id":387,"href":"https:\/\/elcom-computer.de\/index.php?rest_route=\/wp\/v2\/pages\/132\/revisions\/387"}],"wp:attachment":[{"href":"https:\/\/elcom-computer.de\/index.php?rest_route=%2Fwp%2Fv2%2Fmedia&parent=132"}],"curies":[{"name":"wp","href":"https:\/\/api.w.org\/{rel}","templated":true}]}}