{"id":148,"date":"2019-10-07T21:01:47","date_gmt":"2019-10-07T19:01:47","guid":{"rendered":"http:\/\/staging.elcom-computer.de\/?page_id=148"},"modified":"2020-01-13T22:27:19","modified_gmt":"2020-01-13T20:27:19","slug":"it-sicherheit","status":"publish","type":"page","link":"https:\/\/elcom-computer.de\/?page_id=148","title":{"rendered":"IT-Sicherheit"},"content":{"rendered":"<h3>Datensicherheit \u2013 heute wichtiger denn je!<\/h3>\n<p><img loading=\"lazy\" decoding=\"async\" class=\"wp-image-252 size-medium alignright\" src=\"https:\/\/elcom-computer.de\/wp-content\/uploads\/2020\/01\/AdobeStock_209279842-300x160.jpg\" alt=\"\" width=\"300\" height=\"160\" srcset=\"https:\/\/elcom-computer.de\/wp-content\/uploads\/2020\/01\/AdobeStock_209279842-300x160.jpg 300w, https:\/\/elcom-computer.de\/wp-content\/uploads\/2020\/01\/AdobeStock_209279842-1024x546.jpg 1024w, https:\/\/elcom-computer.de\/wp-content\/uploads\/2020\/01\/AdobeStock_209279842-768x410.jpg 768w, https:\/\/elcom-computer.de\/wp-content\/uploads\/2020\/01\/AdobeStock_209279842-1536x819.jpg 1536w, https:\/\/elcom-computer.de\/wp-content\/uploads\/2020\/01\/AdobeStock_209279842.jpg 1920w\" sizes=\"auto, (max-width: 300px) 100vw, 300px\" \/><\/p>\n<p>Datenverlust durch Systemausf\u00e4lle oder Rekonstruktionen von Daten kosten die Betroffenen viel Geld und sorgen f\u00fcr viel \u00c4rger. Wir m\u00f6chten mit Ihnen gemeinsam L\u00f6sungen schaffen, die Sie vor solchen Ausf\u00e4llen bewahren.<\/p>\n<p>Durch die intensive Partnerschaft zu Panda Security Deutschland k\u00f6nnen wir unseren Kunden neuste innovative Sicherheitstechnik in einem sehr guten Preis-Leistungsverh\u00e4ltnis anbieten.<\/p>\n<p>Der Managed Service, den wir anbieten, ist die \u00fcberwachte Sicherheitsl\u00f6sung, bei der sich unsere Kunden um nichts k\u00fcmmern m\u00fcssen und sich voll auf das Tagesgesch\u00e4ft konzentrieren k\u00f6nnen.<\/p>\n<p>Auf den Kunden spezifisch zugeschnittene Firewalll\u00f6sungen sind ein weiterer wichtiger Bestandteil, der zur Sicherheit der Netzwerkumgebung vor Bedrohungen von &#8222;Au\u00dfen&#8220; beitr\u00e4gt, was f\u00fcr unsere Kunden einen hohen Stellenwert hat.<\/p>\n<p>Genauso geh\u00f6rt eine ausreichend dimensionierte Datensicherung, die f\u00fcr die jeweiligen Gegebenheiten ausgelegt ist, zu dem individuell zugeschnittenen Sicherheitspaket.<\/p>\n","protected":false},"excerpt":{"rendered":"<p>Datensicherheit \u2013 heute wichtiger denn je! Datenverlust durch Systemausf\u00e4lle oder Rekonstruktionen von Daten kosten die Betroffenen viel Geld und sorgen f\u00fcr viel \u00c4rger. Wir m\u00f6chten mit Ihnen gemeinsam L\u00f6sungen schaffen, die Sie vor solchen Ausf\u00e4llen bewahren. Durch die intensive Partnerschaft<\/p>\n","protected":false},"author":1,"featured_media":0,"parent":0,"menu_order":0,"comment_status":"closed","ping_status":"closed","template":"","meta":{"footnotes":""},"class_list":["post-148","page","type-page","status-publish","hentry"],"_links":{"self":[{"href":"https:\/\/elcom-computer.de\/index.php?rest_route=\/wp\/v2\/pages\/148","targetHints":{"allow":["GET"]}}],"collection":[{"href":"https:\/\/elcom-computer.de\/index.php?rest_route=\/wp\/v2\/pages"}],"about":[{"href":"https:\/\/elcom-computer.de\/index.php?rest_route=\/wp\/v2\/types\/page"}],"author":[{"embeddable":true,"href":"https:\/\/elcom-computer.de\/index.php?rest_route=\/wp\/v2\/users\/1"}],"replies":[{"embeddable":true,"href":"https:\/\/elcom-computer.de\/index.php?rest_route=%2Fwp%2Fv2%2Fcomments&post=148"}],"version-history":[{"count":6,"href":"https:\/\/elcom-computer.de\/index.php?rest_route=\/wp\/v2\/pages\/148\/revisions"}],"predecessor-version":[{"id":257,"href":"https:\/\/elcom-computer.de\/index.php?rest_route=\/wp\/v2\/pages\/148\/revisions\/257"}],"wp:attachment":[{"href":"https:\/\/elcom-computer.de\/index.php?rest_route=%2Fwp%2Fv2%2Fmedia&parent=148"}],"curies":[{"name":"wp","href":"https:\/\/api.w.org\/{rel}","templated":true}]}}