{"id":153,"date":"2019-10-07T21:04:09","date_gmt":"2019-10-07T19:04:09","guid":{"rendered":"http:\/\/staging.elcom-computer.de\/?page_id=153"},"modified":"2020-01-13T22:26:54","modified_gmt":"2020-01-13T20:26:54","slug":"hardware","status":"publish","type":"page","link":"https:\/\/elcom-computer.de\/?page_id=153","title":{"rendered":"Hardware"},"content":{"rendered":"<h3>Elcom Image-Line<\/h3>\n<p><img loading=\"lazy\" decoding=\"async\" class=\"wp-image-251 size-medium alignright\" src=\"https:\/\/elcom-computer.de\/wp-content\/uploads\/2020\/01\/AdobeStock_34787506-300x200.jpg\" alt=\"\" width=\"300\" height=\"200\" srcset=\"https:\/\/elcom-computer.de\/wp-content\/uploads\/2020\/01\/AdobeStock_34787506-300x200.jpg 300w, https:\/\/elcom-computer.de\/wp-content\/uploads\/2020\/01\/AdobeStock_34787506-1024x683.jpg 1024w, https:\/\/elcom-computer.de\/wp-content\/uploads\/2020\/01\/AdobeStock_34787506-768x512.jpg 768w, https:\/\/elcom-computer.de\/wp-content\/uploads\/2020\/01\/AdobeStock_34787506-1536x1024.jpg 1536w, https:\/\/elcom-computer.de\/wp-content\/uploads\/2020\/01\/AdobeStock_34787506.jpg 1920w\" sizes=\"auto, (max-width: 300px) 100vw, 300px\" \/>Wir bieten unseren Kunden unter dem Label \u201eElcom Image-Line\u201c individuell gestaltete BTO (Build-to-Order) Rechner- und Serversysteme. Die Vorteile liegen auf der Hand: Der spezifische Wunsch des Kunden wird ber\u00fccksichtigt und Elcom kann bei jedem einzelnen Bauteil auf die geforderte Qualit\u00e4t achten und im Servicefall schnell reagieren.<\/p>\n<p>Als herstellerungebundener Vollsortimenter erhalten Sie von der Tintenpatrone bis zum Gro\u00dfrechner unsere Sachkompetenz aus einer Hand.<br \/>\nDurch die jahrelange Erfahrung haben sich die professionellen Komponenten von f\u00fchrenden Herstellern wie Intel, Gigabyte, Tyan usw. etabliert, wodurch eine gleichbleibend hohe Qualit\u00e4t gew\u00e4hrleistet werden kann.<\/p>\n<p>Die meisten unserer Kunden vertrauen bei Ihren PC-Arbeitspl\u00e4tzen auf BTO-Systeme (Build-to-Order) aus eigener Fertigung. Alle PC-Systeme basieren auf Intel\u00ae-Prozessoren samt passendem Intel\u00ae-Mainboard. So ist eine maximale Stabilit\u00e4t und Kompatibilit\u00e4t f\u00fcr Ihren Gesch\u00e4ftserfolg garantiert! Die Priorisierung auf Produkte aus dem Hause Intel\u00ae erm\u00f6glicht es, unseren Kunden auch in der immer wichtiger werdenden Energieeffizienz solide und sparsame Systeme anzubieten.<\/p>\n<p>Durch unsere eigene Werkstatt mit angeschlossenem Lager k\u00f6nnen wir unseren Kunden viele Reparaturen und Erweiterungsw\u00fcnsche zeitnah anbieten.<\/p>\n","protected":false},"excerpt":{"rendered":"<p>Elcom Image-Line Wir bieten unseren Kunden unter dem Label \u201eElcom Image-Line\u201c individuell gestaltete BTO (Build-to-Order) Rechner- und Serversysteme. Die Vorteile liegen auf der Hand: Der spezifische Wunsch des Kunden wird ber\u00fccksichtigt und Elcom kann bei jedem einzelnen Bauteil auf die<\/p>\n","protected":false},"author":1,"featured_media":0,"parent":0,"menu_order":0,"comment_status":"closed","ping_status":"closed","template":"","meta":{"footnotes":""},"class_list":["post-153","page","type-page","status-publish","hentry"],"_links":{"self":[{"href":"https:\/\/elcom-computer.de\/index.php?rest_route=\/wp\/v2\/pages\/153","targetHints":{"allow":["GET"]}}],"collection":[{"href":"https:\/\/elcom-computer.de\/index.php?rest_route=\/wp\/v2\/pages"}],"about":[{"href":"https:\/\/elcom-computer.de\/index.php?rest_route=\/wp\/v2\/types\/page"}],"author":[{"embeddable":true,"href":"https:\/\/elcom-computer.de\/index.php?rest_route=\/wp\/v2\/users\/1"}],"replies":[{"embeddable":true,"href":"https:\/\/elcom-computer.de\/index.php?rest_route=%2Fwp%2Fv2%2Fcomments&post=153"}],"version-history":[{"count":4,"href":"https:\/\/elcom-computer.de\/index.php?rest_route=\/wp\/v2\/pages\/153\/revisions"}],"predecessor-version":[{"id":256,"href":"https:\/\/elcom-computer.de\/index.php?rest_route=\/wp\/v2\/pages\/153\/revisions\/256"}],"wp:attachment":[{"href":"https:\/\/elcom-computer.de\/index.php?rest_route=%2Fwp%2Fv2%2Fmedia&parent=153"}],"curies":[{"name":"wp","href":"https:\/\/api.w.org\/{rel}","templated":true}]}}