{"id":155,"date":"2019-10-07T21:04:09","date_gmt":"2019-10-07T19:04:09","guid":{"rendered":"http:\/\/staging.elcom-computer.de\/?page_id=155"},"modified":"2019-10-07T22:04:44","modified_gmt":"2019-10-07T20:04:44","slug":"aktuelles-2","status":"publish","type":"page","link":"https:\/\/elcom-computer.de\/?page_id=155","title":{"rendered":"Aktuelles"},"content":{"rendered":"<h3>Herzlich Willkommen<\/h3>\n<p><img loading=\"lazy\" decoding=\"async\" class=\"size-medium wp-image-191 alignright\" src=\"http:\/\/staging.elcom-computer.de\/wp-content\/uploads\/2019\/10\/news-1729539-300x199.jpg\" alt=\"\" width=\"300\" height=\"199\" srcset=\"https:\/\/elcom-computer.de\/wp-content\/uploads\/2019\/10\/news-1729539-300x199.jpg 300w, https:\/\/elcom-computer.de\/wp-content\/uploads\/2019\/10\/news-1729539-768x509.jpg 768w, https:\/\/elcom-computer.de\/wp-content\/uploads\/2019\/10\/news-1729539-1024x678.jpg 1024w\" sizes=\"auto, (max-width: 300px) 100vw, 300px\" \/>&#8230;auf unserer neuen Internet Seite. Wir hoffen, Ihnen gef\u00e4llt das neue Layout und Sie finden alle f\u00fcr Sie interessanten Informationen. Wir freuen uns, Sie bald pers\u00f6nlich begr\u00fc\u00dfen zu d\u00fcrfen.<\/p>\n<p>Ihr Elcom-Team<\/p>\n","protected":false},"excerpt":{"rendered":"<p>Herzlich Willkommen &#8230;auf unserer neuen Internet Seite. Wir hoffen, Ihnen gef\u00e4llt das neue Layout und Sie finden alle f\u00fcr Sie interessanten Informationen. Wir freuen uns, Sie bald pers\u00f6nlich begr\u00fc\u00dfen zu d\u00fcrfen. Ihr Elcom-Team<\/p>\n","protected":false},"author":1,"featured_media":0,"parent":0,"menu_order":0,"comment_status":"closed","ping_status":"closed","template":"","meta":{"footnotes":""},"class_list":["post-155","page","type-page","status-publish","hentry"],"_links":{"self":[{"href":"https:\/\/elcom-computer.de\/index.php?rest_route=\/wp\/v2\/pages\/155","targetHints":{"allow":["GET"]}}],"collection":[{"href":"https:\/\/elcom-computer.de\/index.php?rest_route=\/wp\/v2\/pages"}],"about":[{"href":"https:\/\/elcom-computer.de\/index.php?rest_route=\/wp\/v2\/types\/page"}],"author":[{"embeddable":true,"href":"https:\/\/elcom-computer.de\/index.php?rest_route=\/wp\/v2\/users\/1"}],"replies":[{"embeddable":true,"href":"https:\/\/elcom-computer.de\/index.php?rest_route=%2Fwp%2Fv2%2Fcomments&post=155"}],"version-history":[{"count":3,"href":"https:\/\/elcom-computer.de\/index.php?rest_route=\/wp\/v2\/pages\/155\/revisions"}],"predecessor-version":[{"id":210,"href":"https:\/\/elcom-computer.de\/index.php?rest_route=\/wp\/v2\/pages\/155\/revisions\/210"}],"wp:attachment":[{"href":"https:\/\/elcom-computer.de\/index.php?rest_route=%2Fwp%2Fv2%2Fmedia&parent=155"}],"curies":[{"name":"wp","href":"https:\/\/api.w.org\/{rel}","templated":true}]}}