{"id":226,"date":"2019-10-07T22:27:17","date_gmt":"2019-10-07T20:27:17","guid":{"rendered":"http:\/\/staging.elcom-computer.de\/?page_id=226"},"modified":"2024-01-30T15:27:23","modified_gmt":"2024-01-30T13:27:23","slug":"impressum-datenschutz","status":"publish","type":"page","link":"https:\/\/elcom-computer.de\/?page_id=226","title":{"rendered":"Impressum &#038; Datenschutz"},"content":{"rendered":"<h1>Impressum<\/h1>\n<h2>Angaben gem\u00e4\u00df \u00a7 5 TMG:<\/h2>\n<p>Elcom Soft und Hardware GmbH<br \/>\nAndreas W\u00f6stemeyer<\/p>\n<h3>Postanschrift:<\/h3>\n<p>T\u00f6bben Garten 13<br \/>\n49179 Ostercappeln<\/p>\n<h3>Kontakt:<\/h3>\n<p>Telefon: +49 5473 95 93 0<br \/>\nTelefax: +49 5473 95 93 25<br \/>\nE-Mail: info@elcom-computer.de<\/p>\n<h3>Vertreten durch:<\/h3>\n<p>Gesch\u00e4ftsf\u00fchrer Andreas W\u00f6stemeyer<\/p>\n<h3>Eingetragen am<\/h3>\n<p>Amtsgericht Osnabr\u00fcck<br \/>\nHRA 20092<\/p>\n<p>&nbsp;<\/p>\n<h2>Hinweise zur Website<\/h2>\n<h3>Urheberrechtliche Hinweise<\/h3>\n<p>Auf dieser Seite werden Bilder von Pixabay und Adobe Stock verwendet.<\/p>\n<h2>Information gem\u00e4\u00df \u00a7 36 VSBG<\/h2>\n<p>Gem\u00e4\u00df \u00a7 36 VSBG (Verbraucherstreitbeilegungsgesetz \u2013 Gesetz \u00fcber die alternative Streitbeilegung in Verbrauchersachen) erkl\u00e4rt der Betreiber dieser Website:<\/p>\n<p>Wir sind weder bereit noch verpflichtet, an Streitbeilegungsverfahren vor einer Verbraucherschlichtungsstelle teilzunehmen.<\/p>\n<p><em>Das Impressum wurde mit dem <a href=\"https:\/\/www.activemind.de\/datenschutz\/impressums-generator\/\">Impressums-Generator der activeMind AG<\/a> erstellt.<\/em><\/p>\n<h1>Datenschutzerkl\u00e4rung<\/h1>\n<p>Verantwortlicher im Sinne der Datenschutzgesetze, insbesondere der EU-Datenschutzgrundverordnung (DSGVO), ist:<\/p>\n<p>Andreas W\u00f6stemeyer<\/p>\n<h2>Ihre Betroffenenrechte<\/h2>\n<p>Unter den angegebenen Kontaktdaten unseres Datenschutzbeauftragten k\u00f6nnen Sie jederzeit folgende Rechte aus\u00fcben:<\/p>\n<ul>\n<li>Auskunft \u00fcber Ihre bei uns gespeicherten Daten und deren Verarbeitung (Art. 15 DSGVO),<\/li>\n<li>Berichtigung unrichtiger personenbezogener Daten (Art. 16 DSGVO),<\/li>\n<li>L\u00f6schung Ihrer bei uns gespeicherten Daten (Art. 17 DSGVO),<\/li>\n<li>Einschr\u00e4nkung der Datenverarbeitung, sofern wir Ihre Daten aufgrund gesetzlicher Pflichten noch nicht l\u00f6schen d\u00fcrfen (Art. 18 DSGVO),<\/li>\n<li>Widerspruch gegen die Verarbeitung Ihrer Daten bei uns (Art. 21 DSGVO) und<\/li>\n<li>Daten\u00fcbertragbarkeit, sofern Sie in die Datenverarbeitung eingewilligt haben oder einen Vertrag mit uns abgeschlossen haben (Art. 20 DSGVO).<\/li>\n<\/ul>\n<p>Sofern Sie uns eine Einwilligung erteilt haben, k\u00f6nnen Sie diese jederzeit mit Wirkung f\u00fcr die Zukunft widerrufen.<\/p>\n<p>Sie k\u00f6nnen sich jederzeit mit einer Beschwerde an eine Aufsichtsbeh\u00f6rde wenden, z. B. an die zust\u00e4ndige Aufsichtsbeh\u00f6rde des Bundeslands Ihres Wohnsitzes oder an die f\u00fcr uns als verantwortliche Stelle zust\u00e4ndige Beh\u00f6rde.<\/p>\n<p>Eine Liste der Aufsichtsbeh\u00f6rden (f\u00fcr den nicht\u00f6ffentlichen Bereich) mit Anschrift finden Sie unter: <a href=\"https:\/\/www.bfdi.bund.de\/DE\/Infothek\/Anschriften_Links\/anschriften_links-node.html\" target=\"_blank\" rel=\"nofollow noopener noreferrer\">https:\/\/www.bfdi.bund.de\/DE\/Infothek\/Anschriften_Links\/anschriften_links-node.html<\/a>.<\/p>\n<h2>\u00c4nderung unserer Datenschutzbestimmungen<\/h2>\n<p>Wir behalten uns vor, diese Datenschutzerkl\u00e4rung anzupassen, damit sie stets den aktuellen rechtlichen Anforderungen entspricht oder um \u00c4nderungen unserer Leistungen in der Datenschutzerkl\u00e4rung umzusetzen, z.B. bei der Einf\u00fchrung neuer Services. F\u00fcr Ihren erneuten Besuch gilt dann die neue Datenschutzerkl\u00e4rung.<\/p>\n<h2>Fragen an den Datenschutzbeauftragten<\/h2>\n<p>Wenn Sie Fragen zum Datenschutz haben, schreiben Sie uns bitte eine E-Mail oder wenden Sie sich direkt an die f\u00fcr den Datenschutz verantwortliche Person in unserer Organisation:<\/p>\n<p>Andreas W\u00f6stemeyer<\/p>\n<p><em>Die Datenschutzerkl\u00e4rung wurde mithilfe der activeMind AG erstellt, den Experten f\u00fcr <a href=\"https:\/\/www.activemind.de\/datenschutz\/datenschutzhinweis-generator\/\" target=\"_blank\" rel=\"noopener noreferrer\">externe Datenschutzbeauftragte<\/a> (Version #2019-04-10).<\/em><\/p>\n","protected":false},"excerpt":{"rendered":"<p>Impressum Angaben gem\u00e4\u00df \u00a7 5 TMG: Elcom Soft und Hardware GmbH Andreas W\u00f6stemeyer Postanschrift: T\u00f6bben Garten 13 49179 Ostercappeln Kontakt: Telefon: +49 5473 95 93 0 Telefax: +49 5473 95 93 25 E-Mail: info@elcom-computer.de Vertreten durch: Gesch\u00e4ftsf\u00fchrer Andreas W\u00f6stemeyer Eingetragen<\/p>\n","protected":false},"author":1,"featured_media":0,"parent":0,"menu_order":0,"comment_status":"closed","ping_status":"closed","template":"","meta":{"footnotes":""},"class_list":["post-226","page","type-page","status-publish","hentry"],"_links":{"self":[{"href":"https:\/\/elcom-computer.de\/index.php?rest_route=\/wp\/v2\/pages\/226","targetHints":{"allow":["GET"]}}],"collection":[{"href":"https:\/\/elcom-computer.de\/index.php?rest_route=\/wp\/v2\/pages"}],"about":[{"href":"https:\/\/elcom-computer.de\/index.php?rest_route=\/wp\/v2\/types\/page"}],"author":[{"embeddable":true,"href":"https:\/\/elcom-computer.de\/index.php?rest_route=\/wp\/v2\/users\/1"}],"replies":[{"embeddable":true,"href":"https:\/\/elcom-computer.de\/index.php?rest_route=%2Fwp%2Fv2%2Fcomments&post=226"}],"version-history":[{"count":3,"href":"https:\/\/elcom-computer.de\/index.php?rest_route=\/wp\/v2\/pages\/226\/revisions"}],"predecessor-version":[{"id":381,"href":"https:\/\/elcom-computer.de\/index.php?rest_route=\/wp\/v2\/pages\/226\/revisions\/381"}],"wp:attachment":[{"href":"https:\/\/elcom-computer.de\/index.php?rest_route=%2Fwp%2Fv2%2Fmedia&parent=226"}],"curies":[{"name":"wp","href":"https:\/\/api.w.org\/{rel}","templated":true}]}}